{"id":9,"date":"2019-01-06T14:33:16","date_gmt":"2019-01-06T12:33:16","guid":{"rendered":"http:\/\/airihelena.com\/?page_id=9"},"modified":"2025-02-10T16:14:44","modified_gmt":"2025-02-10T14:14:44","slug":"etusivu","status":"publish","type":"page","link":"https:\/\/airihelena.com\/","title":{"rendered":"Etusivu"},"content":{"rendered":"\n<p><strong><em>AiriHelena<\/em><\/strong> on suomalainen asusteisiin ja vaatteisiin erikoistunut pienyritys. Yritys on toiminut v. 1996 alkaen. T\u00e4ytti viime vuonna <strong>2<\/strong>8 v. Suurin osa markkinoinnista tapahtuu\u00a0messuilla ja erikoistapahtumissa. Raision toimitilassa on my\u00f6s ty\u00f6huonekauppa, joka on avoinna sovittaessa. Suunnittelen, hankin materiaalit ja valmistan kaikki tuotteeni kotity\u00f6huoneella, jossa sijaitsee my\u00f6s ty\u00f6huonekauppa asiakkaille, joka on auki sopimuksen mukaan. <\/p>\n\n\n\n<p><em><strong>AiriHelena<\/strong> <\/em>-tuotemerkkiin kuuluvat :<\/p>\n\n\n\n<ul><li>Asustesetit: hatut, huivit ja k\u00e4sineet voidaan valmistaa yhteensopivina samoista materiaaleista<\/li><li>Harsopellava-asusteet: keepit, ponchot, huivit, hatut ja ruusut<\/li><li>Viittatakit<\/li><li>Pienet hatukkeet juhlaan&nbsp;tai teematilaisuuteen<\/li><\/ul>\n\n\n\n<p><em><strong>Materiaaleina<\/strong><\/em> k\u00e4ytet\u00e4\u00e4n vastuullisesti tuotettuja materiaaleja kuten luonnonkuituja villaa, pellavaa, puuvillasamettia ja puuvillaa.<\/p>\n\n\n\n<p><em><strong>AiriHelenasta saat joustavan ja yksil\u00f6llisen asiakaspalvelun.<\/strong><\/em><\/p>\n\n\n\n<p>Soita ja sovi tapaaminen Raision asiakastilaan ostoksille. Voit tehd\u00e4 tilauksia my\u00f6s s\u00e4hk\u00f6postilla <em><strong>airihelena@phnet.fi<\/strong><\/em> tai puhelimitse<em><strong> 050 5966660<\/strong><\/em>.<\/p>\n\n\n\n<p>Yhteisty\u00f6t\u00e4:  | Turun Yritt\u00e4j\u00e4naiset  |  Suomi-Australia yhdistysten Liitto ry<\/p>\n","protected":false},"excerpt":{"rendered":"<p>AiriHelena on suomalainen asusteisiin ja vaatteisiin erikoistunut pienyritys. Yritys on toiminut v. 1996 alkaen. T\u00e4ytti viime vuonna 28 v. Suurin osa markkinoinnista tapahtuu\u00a0messuilla ja erikoistapahtumissa. Raision toimitilassa on my\u00f6s ty\u00f6huonekauppa, joka on avoinna sovittaessa. Suunnittelen, hankin materiaalit ja valmistan kaikki tuotteeni kotity\u00f6huoneella, jossa sijaitsee my\u00f6s ty\u00f6huonekauppa asiakkaille, joka on auki sopimuksen mukaan. AiriHelena -tuotemerkkiin kuuluvat [&hellip;]<\/p>\n","protected":false},"author":1,"featured_media":0,"parent":0,"menu_order":0,"comment_status":"closed","ping_status":"closed","template":"","meta":[],"_links":{"self":[{"href":"https:\/\/airihelena.com\/index.php?rest_route=\/wp\/v2\/pages\/9"}],"collection":[{"href":"https:\/\/airihelena.com\/index.php?rest_route=\/wp\/v2\/pages"}],"about":[{"href":"https:\/\/airihelena.com\/index.php?rest_route=\/wp\/v2\/types\/page"}],"author":[{"embeddable":true,"href":"https:\/\/airihelena.com\/index.php?rest_route=\/wp\/v2\/users\/1"}],"replies":[{"embeddable":true,"href":"https:\/\/airihelena.com\/index.php?rest_route=%2Fwp%2Fv2%2Fcomments&post=9"}],"version-history":[{"count":31,"href":"https:\/\/airihelena.com\/index.php?rest_route=\/wp\/v2\/pages\/9\/revisions"}],"predecessor-version":[{"id":896,"href":"https:\/\/airihelena.com\/index.php?rest_route=\/wp\/v2\/pages\/9\/revisions\/896"}],"wp:attachment":[{"href":"https:\/\/airihelena.com\/index.php?rest_route=%2Fwp%2Fv2%2Fmedia&parent=9"}],"curies":[{"name":"wp","href":"https:\/\/api.w.org\/{rel}","templated":true}]}}