{"id":198,"date":"2019-01-26T14:59:35","date_gmt":"2019-01-26T12:59:35","guid":{"rendered":"http:\/\/airihelena.com\/?page_id=198"},"modified":"2019-01-26T15:36:21","modified_gmt":"2019-01-26T13:36:21","slug":"ahcollection","status":"publish","type":"page","link":"https:\/\/airihelena.com\/?page_id=198","title":{"rendered":"AHcollection"},"content":{"rendered":"\n<p>Tuotevalikoimassa ovat my\u00f6s <em><strong>AHcollection<\/strong><\/em>-tuotteet. Kokoelma sis\u00e4lt\u00e4\u00e4 esimerkiksi kausituotteina tunikoita erilaisilla kuoseilla ja nahkaisia rannekoruja. Uutuutena ovat tulleet miniatyyrikalusteet.<\/p>\n","protected":false},"excerpt":{"rendered":"<p>Tuotevalikoimassa ovat my\u00f6s AHcollection-tuotteet. Kokoelma sis\u00e4lt\u00e4\u00e4 esimerkiksi kausituotteina tunikoita erilaisilla kuoseilla ja nahkaisia rannekoruja. Uutuutena ovat tulleet miniatyyrikalusteet.<\/p>\n","protected":false},"author":1,"featured_media":0,"parent":0,"menu_order":0,"comment_status":"closed","ping_status":"closed","template":"","meta":[],"_links":{"self":[{"href":"https:\/\/airihelena.com\/index.php?rest_route=\/wp\/v2\/pages\/198"}],"collection":[{"href":"https:\/\/airihelena.com\/index.php?rest_route=\/wp\/v2\/pages"}],"about":[{"href":"https:\/\/airihelena.com\/index.php?rest_route=\/wp\/v2\/types\/page"}],"author":[{"embeddable":true,"href":"https:\/\/airihelena.com\/index.php?rest_route=\/wp\/v2\/users\/1"}],"replies":[{"embeddable":true,"href":"https:\/\/airihelena.com\/index.php?rest_route=%2Fwp%2Fv2%2Fcomments&post=198"}],"version-history":[{"count":4,"href":"https:\/\/airihelena.com\/index.php?rest_route=\/wp\/v2\/pages\/198\/revisions"}],"predecessor-version":[{"id":218,"href":"https:\/\/airihelena.com\/index.php?rest_route=\/wp\/v2\/pages\/198\/revisions\/218"}],"wp:attachment":[{"href":"https:\/\/airihelena.com\/index.php?rest_route=%2Fwp%2Fv2%2Fmedia&parent=198"}],"curies":[{"name":"wp","href":"https:\/\/api.w.org\/{rel}","templated":true}]}}