{"id":15,"date":"2019-01-06T14:38:51","date_gmt":"2019-01-06T12:38:51","guid":{"rendered":"http:\/\/airihelena.com\/?page_id=15"},"modified":"2019-01-26T16:07:52","modified_gmt":"2019-01-26T14:07:52","slug":"hatut","status":"publish","type":"page","link":"https:\/\/airihelena.com\/?page_id=15","title":{"rendered":"Hatut"},"content":{"rendered":"\n<p> <em><strong>AiriHelena<\/strong><\/em> myy ja valmistaa k\u00e4sity\u00f6n\u00e4 hattuja p\u00e4ivitt\u00e4iseen k\u00e4ytt\u00f6\u00f6n. Mallistoon kuuluvat esimerkiksi lippikset, huovutetut villahatut ja pellavahatut. Hattuja saa sek\u00e4 pienell\u00e4 ett\u00e4 isolla lierill\u00e4. Saatavilla on my\u00f6s hatukkeita erilaisilla teemoilla esimerkiksi juhliin.<\/p>\n\n\n\n<p>V\u00e4rien asiantuntijana&nbsp;<em><strong>AiriHelena<\/strong><\/em>&nbsp;etsii sinulle oikean v\u00e4rin. V\u00e4rianalyysin avulla, muutamilla v\u00e4reilt\u00e4\u00e4n yhteensopivilla vaatteilla saa k\u00e4ytt\u00f6kelpoisen sek\u00e4 tyylikk\u00e4\u00e4n asukokonaisuuden.<\/p>\n\n\n\n<p>Pukeutumisneuvoja mallien ja muotojen valinnassa juuri sinulle!<\/p>\n\n\n\n<ul class=\"wp-block-gallery aligncenter columns-3 is-cropped\"><li class=\"blocks-gallery-item\"><figure><img loading=\"lazy\" width=\"1024\" height=\"768\" src=\"http:\/\/airihelena.com\/wp-content\/uploads\/2019\/01\/IMG_20190126_121721_Bokeh-1024x768.jpg\" alt=\"\" data-id=\"182\" data-link=\"http:\/\/airihelena.com\/?attachment_id=182\" class=\"wp-image-182\" srcset=\"https:\/\/airihelena.com\/wp-content\/uploads\/2019\/01\/IMG_20190126_121721_Bokeh-1024x768.jpg 1024w, https:\/\/airihelena.com\/wp-content\/uploads\/2019\/01\/IMG_20190126_121721_Bokeh-300x225.jpg 300w, https:\/\/airihelena.com\/wp-content\/uploads\/2019\/01\/IMG_20190126_121721_Bokeh-768x576.jpg 768w\" sizes=\"(max-width: 1024px) 100vw, 1024px\" \/><\/figure><\/li><li class=\"blocks-gallery-item\"><figure><img loading=\"lazy\" width=\"768\" height=\"1024\" src=\"http:\/\/airihelena.com\/wp-content\/uploads\/2019\/01\/IMG_4286-e1548511548103-768x1024.jpg\" alt=\"\" data-id=\"220\" data-link=\"http:\/\/airihelena.com\/?attachment_id=220\" class=\"wp-image-220\" srcset=\"https:\/\/airihelena.com\/wp-content\/uploads\/2019\/01\/IMG_4286-e1548511548103-768x1024.jpg 768w, https:\/\/airihelena.com\/wp-content\/uploads\/2019\/01\/IMG_4286-e1548511548103-225x300.jpg 225w\" sizes=\"(max-width: 768px) 100vw, 768px\" \/><\/figure><\/li><li class=\"blocks-gallery-item\"><figure><img loading=\"lazy\" width=\"768\" height=\"1024\" src=\"http:\/\/airihelena.com\/wp-content\/uploads\/2019\/01\/IMG_4326-e1548511523469-768x1024.jpg\" alt=\"\" data-id=\"224\" data-link=\"http:\/\/airihelena.com\/?attachment_id=224\" class=\"wp-image-224\" srcset=\"https:\/\/airihelena.com\/wp-content\/uploads\/2019\/01\/IMG_4326-e1548511523469-768x1024.jpg 768w, https:\/\/airihelena.com\/wp-content\/uploads\/2019\/01\/IMG_4326-e1548511523469-225x300.jpg 225w\" sizes=\"(max-width: 768px) 100vw, 768px\" \/><\/figure><\/li><li class=\"blocks-gallery-item\"><figure><img loading=\"lazy\" width=\"1024\" height=\"768\" src=\"http:\/\/airihelena.com\/wp-content\/uploads\/2019\/01\/IMG_20190126_121700_Bokeh-1024x768.jpg\" alt=\"\" data-id=\"180\" data-link=\"http:\/\/airihelena.com\/?attachment_id=180\" class=\"wp-image-180\" srcset=\"https:\/\/airihelena.com\/wp-content\/uploads\/2019\/01\/IMG_20190126_121700_Bokeh-1024x768.jpg 1024w, https:\/\/airihelena.com\/wp-content\/uploads\/2019\/01\/IMG_20190126_121700_Bokeh-300x225.jpg 300w, https:\/\/airihelena.com\/wp-content\/uploads\/2019\/01\/IMG_20190126_121700_Bokeh-768x576.jpg 768w\" sizes=\"(max-width: 1024px) 100vw, 1024px\" \/><\/figure><\/li><li class=\"blocks-gallery-item\"><figure><img loading=\"lazy\" width=\"1024\" height=\"768\" src=\"http:\/\/airihelena.com\/wp-content\/uploads\/2019\/01\/IMG_4260-1024x768.jpg\" alt=\"\" data-id=\"222\" data-link=\"http:\/\/airihelena.com\/?attachment_id=222\" class=\"wp-image-222\" srcset=\"https:\/\/airihelena.com\/wp-content\/uploads\/2019\/01\/IMG_4260-1024x768.jpg 1024w, https:\/\/airihelena.com\/wp-content\/uploads\/2019\/01\/IMG_4260-300x225.jpg 300w, https:\/\/airihelena.com\/wp-content\/uploads\/2019\/01\/IMG_4260-768x576.jpg 768w\" sizes=\"(max-width: 1024px) 100vw, 1024px\" \/><\/figure><\/li><li class=\"blocks-gallery-item\"><figure><img loading=\"lazy\" width=\"1024\" height=\"768\" src=\"http:\/\/airihelena.com\/wp-content\/uploads\/2019\/01\/IMG_20190126_121602-1024x768.jpg\" alt=\"\" data-id=\"175\" data-link=\"http:\/\/airihelena.com\/?attachment_id=175\" class=\"wp-image-175\" srcset=\"https:\/\/airihelena.com\/wp-content\/uploads\/2019\/01\/IMG_20190126_121602-1024x768.jpg 1024w, https:\/\/airihelena.com\/wp-content\/uploads\/2019\/01\/IMG_20190126_121602-300x225.jpg 300w, https:\/\/airihelena.com\/wp-content\/uploads\/2019\/01\/IMG_20190126_121602-768x576.jpg 768w\" sizes=\"(max-width: 1024px) 100vw, 1024px\" \/><\/figure><\/li><\/ul>\n","protected":false},"excerpt":{"rendered":"<p>AiriHelena myy ja valmistaa k\u00e4sity\u00f6n\u00e4 hattuja p\u00e4ivitt\u00e4iseen k\u00e4ytt\u00f6\u00f6n. Mallistoon kuuluvat esimerkiksi lippikset, huovutetut villahatut ja pellavahatut. Hattuja saa sek\u00e4 pienell\u00e4 ett\u00e4 isolla lierill\u00e4. Saatavilla on my\u00f6s hatukkeita erilaisilla teemoilla esimerkiksi juhliin. V\u00e4rien asiantuntijana&nbsp;AiriHelena&nbsp;etsii sinulle oikean v\u00e4rin. V\u00e4rianalyysin avulla, muutamilla v\u00e4reilt\u00e4\u00e4n yhteensopivilla vaatteilla saa k\u00e4ytt\u00f6kelpoisen sek\u00e4 tyylikk\u00e4\u00e4n asukokonaisuuden. Pukeutumisneuvoja mallien ja muotojen valinnassa juuri sinulle!<\/p>\n","protected":false},"author":1,"featured_media":0,"parent":0,"menu_order":0,"comment_status":"closed","ping_status":"closed","template":"","meta":[],"_links":{"self":[{"href":"https:\/\/airihelena.com\/index.php?rest_route=\/wp\/v2\/pages\/15"}],"collection":[{"href":"https:\/\/airihelena.com\/index.php?rest_route=\/wp\/v2\/pages"}],"about":[{"href":"https:\/\/airihelena.com\/index.php?rest_route=\/wp\/v2\/types\/page"}],"author":[{"embeddable":true,"href":"https:\/\/airihelena.com\/index.php?rest_route=\/wp\/v2\/users\/1"}],"replies":[{"embeddable":true,"href":"https:\/\/airihelena.com\/index.php?rest_route=%2Fwp%2Fv2%2Fcomments&post=15"}],"version-history":[{"count":14,"href":"https:\/\/airihelena.com\/index.php?rest_route=\/wp\/v2\/pages\/15\/revisions"}],"predecessor-version":[{"id":227,"href":"https:\/\/airihelena.com\/index.php?rest_route=\/wp\/v2\/pages\/15\/revisions\/227"}],"wp:attachment":[{"href":"https:\/\/airihelena.com\/index.php?rest_route=%2Fwp%2Fv2%2Fmedia&parent=15"}],"curies":[{"name":"wp","href":"https:\/\/api.w.org\/{rel}","templated":true}]}}