{"id":120,"date":"2019-01-26T10:24:39","date_gmt":"2019-01-26T08:24:39","guid":{"rendered":"http:\/\/airihelena.com\/?page_id=120"},"modified":"2021-11-06T16:07:03","modified_gmt":"2021-11-06T14:07:03","slug":"harsopellavat","status":"publish","type":"page","link":"https:\/\/airihelena.com\/?page_id=120","title":{"rendered":"Harsopellavat"},"content":{"rendered":"\n<p>Harsopellava&nbsp;sopii kevyisiin&nbsp;asusteisiin. Esimerkiksi poncho tai keeppi on mainio matkavaate, jonka voit k\u00e4\u00e4r\u00e4ist\u00e4&nbsp;rullalle ja ottaa k\u00e4ytt\u00f6\u00f6n. Harsopellava oikaisee itsens\u00e4 p\u00e4\u00e4lle laitettaessa.<\/p>\n\n\n\n<p>V\u00e4riloisto harsopellavaan saadaan sekoittamalla v\u00e4rit p\u00e4\u00e4v\u00e4reist\u00e4 ja v\u00e4rj\u00e4\u00e4m\u00e4ll\u00e4 k\u00e4sin. Oma maahantuonti varmistaa pellavan laadun. Harsopellava on <em><strong>luonnonmateriaalina ekologinen ja nykyaikainen valinta<\/strong><\/em>. Asujen muunneltavuus antaa k\u00e4ytt\u00e4j\u00e4lleen paljon mahdollisuuksia niin juhlaan kuin arkeenkin.<\/p>\n\n\n\n<p>Kaunis, k\u00e4yt\u00e4nn\u00f6llinen, ekologinen ja kaikille itse\u00e4\u00e4n arvostaville naisille sopiva harsopellava-design 18 vuoden kokemuksella!<\/p>\n\n\n\n<figure class=\"wp-block-gallery aligncenter columns-2 is-cropped\"><ul class=\"blocks-gallery-grid\"><li class=\"blocks-gallery-item\"><figure><img loading=\"lazy\" width=\"768\" height=\"1024\" src=\"http:\/\/airihelena.com\/wp-content\/uploads\/2019\/01\/IMG_1868-e1548512130496-768x1024.jpg\" alt=\"\" data-id=\"229\" data-link=\"http:\/\/airihelena.com\/?attachment_id=229\" class=\"wp-image-229\" srcset=\"https:\/\/airihelena.com\/wp-content\/uploads\/2019\/01\/IMG_1868-e1548512130496-768x1024.jpg 768w, https:\/\/airihelena.com\/wp-content\/uploads\/2019\/01\/IMG_1868-e1548512130496-225x300.jpg 225w\" sizes=\"(max-width: 768px) 100vw, 768px\" \/><\/figure><\/li><li class=\"blocks-gallery-item\"><figure><img loading=\"lazy\" width=\"1024\" height=\"768\" src=\"http:\/\/airihelena.com\/wp-content\/uploads\/2019\/01\/IMG_5264-1024x768.jpg\" alt=\"\" data-id=\"232\" data-link=\"http:\/\/airihelena.com\/?attachment_id=232\" class=\"wp-image-232\" srcset=\"https:\/\/airihelena.com\/wp-content\/uploads\/2019\/01\/IMG_5264-1024x768.jpg 1024w, https:\/\/airihelena.com\/wp-content\/uploads\/2019\/01\/IMG_5264-300x225.jpg 300w, https:\/\/airihelena.com\/wp-content\/uploads\/2019\/01\/IMG_5264-768x576.jpg 768w\" sizes=\"(max-width: 1024px) 100vw, 1024px\" \/><\/figure><\/li><\/ul><\/figure>\n\n\n\n<figure class=\"wp-block-image size-full is-style-rounded\"><img loading=\"lazy\" width=\"951\" height=\"684\" src=\"https:\/\/airihelena.com\/wp-content\/uploads\/2021\/10\/OKRA-Messut-maitolaituri.jpeg\" alt=\"\" class=\"wp-image-496\" srcset=\"https:\/\/airihelena.com\/wp-content\/uploads\/2021\/10\/OKRA-Messut-maitolaituri.jpeg 951w, https:\/\/airihelena.com\/wp-content\/uploads\/2021\/10\/OKRA-Messut-maitolaituri-300x216.jpeg 300w, https:\/\/airihelena.com\/wp-content\/uploads\/2021\/10\/OKRA-Messut-maitolaituri-768x552.jpeg 768w\" sizes=\"(max-width: 951px) 100vw, 951px\" \/><\/figure>\n","protected":false},"excerpt":{"rendered":"<p>Harsopellava&nbsp;sopii kevyisiin&nbsp;asusteisiin. Esimerkiksi poncho tai keeppi on mainio matkavaate, jonka voit k\u00e4\u00e4r\u00e4ist\u00e4&nbsp;rullalle ja ottaa k\u00e4ytt\u00f6\u00f6n. Harsopellava oikaisee itsens\u00e4 p\u00e4\u00e4lle laitettaessa. V\u00e4riloisto harsopellavaan saadaan sekoittamalla v\u00e4rit p\u00e4\u00e4v\u00e4reist\u00e4 ja v\u00e4rj\u00e4\u00e4m\u00e4ll\u00e4 k\u00e4sin. Oma maahantuonti varmistaa pellavan laadun. Harsopellava on luonnonmateriaalina ekologinen ja nykyaikainen valinta. Asujen muunneltavuus antaa k\u00e4ytt\u00e4j\u00e4lleen paljon mahdollisuuksia niin juhlaan kuin arkeenkin. Kaunis, k\u00e4yt\u00e4nn\u00f6llinen, ekologinen ja [&hellip;]<\/p>\n","protected":false},"author":1,"featured_media":0,"parent":0,"menu_order":0,"comment_status":"closed","ping_status":"closed","template":"","meta":[],"_links":{"self":[{"href":"https:\/\/airihelena.com\/index.php?rest_route=\/wp\/v2\/pages\/120"}],"collection":[{"href":"https:\/\/airihelena.com\/index.php?rest_route=\/wp\/v2\/pages"}],"about":[{"href":"https:\/\/airihelena.com\/index.php?rest_route=\/wp\/v2\/types\/page"}],"author":[{"embeddable":true,"href":"https:\/\/airihelena.com\/index.php?rest_route=\/wp\/v2\/users\/1"}],"replies":[{"embeddable":true,"href":"https:\/\/airihelena.com\/index.php?rest_route=%2Fwp%2Fv2%2Fcomments&post=120"}],"version-history":[{"count":9,"href":"https:\/\/airihelena.com\/index.php?rest_route=\/wp\/v2\/pages\/120\/revisions"}],"predecessor-version":[{"id":513,"href":"https:\/\/airihelena.com\/index.php?rest_route=\/wp\/v2\/pages\/120\/revisions\/513"}],"wp:attachment":[{"href":"https:\/\/airihelena.com\/index.php?rest_route=%2Fwp%2Fv2%2Fmedia&parent=120"}],"curies":[{"name":"wp","href":"https:\/\/api.w.org\/{rel}","templated":true}]}}